{"id":3834,"date":"2017-06-12T04:36:30","date_gmt":"2017-06-12T04:36:30","guid":{"rendered":"http:\/\/demo2.steelthemes.com\/gardenhub\/?page_id=76"},"modified":"2025-10-08T14:19:32","modified_gmt":"2025-10-08T13:19:32","slug":"about-us","status":"publish","type":"page","link":"https:\/\/mach.ma\/ar\/about-us\/","title":{"rendered":"\u0645\u0646 \u0646\u062d\u0646"},"content":{"rendered":"<div class=\"wpb-content-wrapper\"><div class=\"vc_row wpb_row vc_row-fluid vc_custom_1496126818377\"><div class=\"container\"><div class=\"row\"><div class=\"wpb_column vc_column_container vc_col-sm-8\"><div class=\"vc_column-inner\"><div class=\"wpb_wrapper\"><div class=\"fh-section-title clearfix  text-left style-1 version-dark\"><div class=\"container\"><h2>\u00c0 propos de  <span class=\"main-color\">Notre entreprise<\/span><\/h2><\/div><\/div>\n\t<div class=\"wpb_text_column wpb_content_element vc_custom_1745601630880\" >\n\t\t<div class=\"wpb_wrapper\">\n\t\t\t<p><strong>MA-CH INVEST GROUP<\/strong> est une entreprise sp\u00e9cialis\u00e9e dans les solutions d\u2019irrigation goutte-\u00e0-goutte au Maroc. Nous fournissons aux agriculteurs des \u00e9quipements innovants et durables pour une gestion optimale de l\u2019eau et une meilleure productivit\u00e9 agricole.<\/p>\n\n\t\t<\/div>\n\t<\/div>\n<\/div><\/div><\/div><div class=\"wpb_column vc_column_container vc_col-sm-4\"><div class=\"vc_column-inner\"><div class=\"wpb_wrapper\">\n\t<div  class=\"wpb_single_image wpb_content_element vc_align_center wpb_content_element vc_custom_1738681348379\">\n\t\t\n\t\t<figure class=\"wpb_wrapper vc_figure\">\n\t\t\t<div class=\"vc_single_image-wrapper   vc_box_border_grey\"><img data-opt-id=725572738  fetchpriority=\"high\" decoding=\"async\" width=\"1900\" height=\"1266\" src=\"https:\/\/ml2rfefbf2fn.i.optimole.com\/w:auto\/h:auto\/q:mauto\/f:best\/https:\/\/mach.ma\/wp-content\/uploads\/2024\/01\/5.jpg\" class=\"vc_single_image-img attachment-full\" alt=\"\" title=\"5\" srcset=\"https:\/\/ml2rfefbf2fn.i.optimole.com\/w:1620\/h:1080\/q:mauto\/f:best\/https:\/\/mach.ma\/wp-content\/uploads\/2024\/01\/5.jpg 1900w, https:\/\/ml2rfefbf2fn.i.optimole.com\/w:300\/h:200\/q:mauto\/f:best\/https:\/\/mach.ma\/wp-content\/uploads\/2024\/01\/5.jpg 300w, https:\/\/ml2rfefbf2fn.i.optimole.com\/w:1024\/h:682\/q:mauto\/f:best\/https:\/\/mach.ma\/wp-content\/uploads\/2024\/01\/5.jpg 1024w, https:\/\/ml2rfefbf2fn.i.optimole.com\/w:768\/h:512\/q:mauto\/f:best\/https:\/\/mach.ma\/wp-content\/uploads\/2024\/01\/5.jpg 768w, https:\/\/ml2rfefbf2fn.i.optimole.com\/w:1536\/h:1023\/q:mauto\/f:best\/https:\/\/mach.ma\/wp-content\/uploads\/2024\/01\/5.jpg 1536w\" sizes=\"(max-width: 840px) 100vw, 840px\" \/><\/div>\n\t\t<\/figure>\n\t<\/div>\n<\/div><\/div><\/div><\/div><\/div><\/div><div class=\"vc_row wpb_row vc_row-fluid\"><div class=\"container\"><div class=\"row\"><div class=\"wpb_column vc_column_container vc_col-sm-12\"><div class=\"vc_column-inner\"><div class=\"wpb_wrapper\"><div class=\"fh-history\">\n            <div class=\"history-list owl-carousel\" id=\"history-slider-69f5ad1ee8bf5\"><div class=\"history\"><div class=\"history-header clearfix\"><h3 class=\"title\">Notre Histoire<\/h3><\/div><div class=\"history-desc\"><p>\ud83d\udd39 <strong>MA-CH INVEST GROUP<\/strong> s\u2019est impos\u00e9e comme un acteur cl\u00e9 dans le domaine de l\u2019irrigation au Maroc.<\/br>\n\n\ud83d\udd39 Notre objectif a toujours \u00e9t\u00e9 d\u2019offrir des solutions performantes et \u00e9conomiques adapt\u00e9es aux besoins des agriculteurs.<\/br>\n\n\ud83d\udd39 Gr\u00e2ce \u00e0 notre expertise et notre engagement, nous avons accompagn\u00e9 des centaines d\u2019exploitations dans l\u2019optimisation de leur syst\u00e8me d\u2019irrigation.\n<\/p><\/div><\/div><div class=\"history\"><div class=\"history-header clearfix\"><h3 class=\"title\">Notre Mission<\/h3><\/div><div class=\"history-desc\"><p>Chez <strong>MA-CH INVEST GROUP<\/strong>, nous avons une mission claire : permettre aux agriculteurs de maximiser leur rendement tout en r\u00e9duisant leur consommation d\u2019eau. Nous proposons des solutions d\u2019irrigation accessibles, performantes et respectueuses de l\u2019environnement.<\/p><\/div><\/div><div class=\"history\"><div class=\"history-header clearfix\"><h3 class=\"title\">Nos Valeurs<\/h3><\/div><div class=\"history-desc\"><p>\ud83d\udd39 Innovation \u2013 Nous d\u00e9veloppons des technologies modernes pour am\u00e9liorer l\u2019efficacit\u00e9 de l\u2019irrigation.<\/br>\n\n\ud83d\udd39 Durabilit\u00e9 \u2013 Nos produits sont con\u00e7us pour \u00e9conomiser l\u2019eau et pr\u00e9server les ressources naturelles.<\/br>\n\n\ud83d\udd39 Engagement \u2013 Nous accompagnons nos clients avec un service de proximit\u00e9 et des conseils adapt\u00e9s.<\/br>\n\n\ud83d\udd39 Qualit\u00e9 \u2013 Chaque produit que nous proposons r\u00e9pond aux plus hauts standards du march\u00e9.\n<\/p><\/div><\/div><\/div>\n        <\/div><\/div><\/div><\/div><\/div><\/div><\/div><div class=\"vc_row wpb_row vc_row-fluid vc_custom_1496134378191\"><div class=\"container\"><div class=\"row\"><div class=\"wpb_column vc_column_container vc_col-sm-12\"><div class=\"vc_column-inner\"><div class=\"wpb_wrapper\"><div class=\"fh-section-title clearfix  text-center style-1 version-dark\"><div class=\"container\"><h2 class=\" translation-block\">\u0623\u0639\u0636\u0627\u0621<span class=\"main-color\"> \u0627\u0644\u0641\u0631\u064a\u0642<\/span><\/h2><\/div><\/div><div class=\"vc_row wpb_row vc_inner vc_row-fluid vc_custom_1496133799934\"><div class=\"wpb_column vc_column_container vc_col-sm-3\"><div class=\"vc_column-inner\"><div class=\"wpb_wrapper\"><div class=\"fh-team  style-2\">\n\t\t\t\t<div class=\"team-member\">\n\t\t\t\t\t<img data-opt-id=1027859172  fetchpriority=\"high\" loading=\"lazy\" decoding=\"async\" class=\"\" src=\"https:\/\/ml2rfefbf2fn.i.optimole.com\/w:370\/h:370\/q:mauto\/f:best\/https:\/\/mach.ma\/wp-content\/uploads\/2024\/05\/Ayoub-ferkane-e1715259624465.jpeg\" width=\"370\" height=\"370\" alt=\"Ayoub ferkane\" title=\"Ayoub ferkane\" \/>\n\t\t\t\t\t<div class=\"socials socials-1\">\n\t\t\t\t\t\t<ul class=\"list-social clearfix\">\n\t\t\t\t\t\t\t\n\t\t\t\t\t\t<\/ul>\n\t\t\t\t\t<\/div>\n\t\t\t\t<\/div>\n\t\t\t\t<div class=\"team-header info\"><h4 class=\"name\">\u0623\u064a\u0648\u0628 \u0641\u0631\u0643\u0627\u0646<\/h4><span class=\"job\">Responsable Commercial (R\u00e9gion B\u00e9ni Mellal)<\/span><\/div>\n\t\t\t\t<div class=\"team-content\">\n\t\t\t\t\t<div class=\"info\">\n\t\t\t\t\t\t<h4 class=\"name\">\u0623\u064a\u0648\u0628 \u0641\u0631\u0643\u0627\u0646<\/h4>\n\t\t\t\t\t\t<span class=\"job\">Responsable Commercial (R\u00e9gion B\u00e9ni Mellal)<\/span>\n\t\t\t\t\t\t<p>\u0628\u0641\u0636\u0644 \u0645\u0639\u0631\u0641\u062a\u0647 \u0627\u0644\u0639\u0645\u064a\u0642\u0629 \u0628\u0623\u0631\u0627\u0636\u064a \u0628\u0646\u064a \u0645\u0644\u0627\u0644\u060c \u064a\u0648\u062c\u0647\u0643 \u0623\u064a\u0648\u0628 \u0644\u0627\u062e\u062a\u064a\u0627\u0631 \u0623\u0643\u062b\u0631 \u0645\u0639\u062f\u0627\u062a \u0627\u0644\u0631\u064a \u0643\u0641\u0627\u0621\u0629 \u0644\u0645\u0632\u0631\u0639\u062a\u0643.<\/p>\n\t\t\t\t\t<\/div>\n\t\t\t\t\t<div class=\"website\"><i class=\"fa fa-envelope-o\" aria-hidden=\"true\"><\/i>06 62 42 86 76<\/div>\n\t\t\t\t\t<div class=\"socials socials-2\">\n\t\t\t\t\t\t<ul class=\"list-social clearfix\">\n\t\t\t\t\t\t\t\n\t\t\t\t\t\t<\/ul>\n\t\t\t\t\t<\/div>\n\t\t\t\t<\/div>\n\t\t\t<\/div><\/div><\/div><\/div><div class=\"wpb_column vc_column_container vc_col-sm-3\"><div class=\"vc_column-inner\"><div class=\"wpb_wrapper\"><div class=\"fh-team  style-2\">\n\t\t\t\t<div class=\"team-member\">\n\t\t\t\t\t<img data-opt-id=1426658769  fetchpriority=\"high\" loading=\"lazy\" decoding=\"async\" class=\"\" src=\"https:\/\/ml2rfefbf2fn.i.optimole.com\/w:370\/h:370\/q:mauto\/f:best\/https:\/\/mach.ma\/wp-content\/uploads\/2025\/02\/1738678415523.jpg\" width=\"370\" height=\"370\" alt=\"1738678415523\" title=\"1738678415523\" \/>\n\t\t\t\t\t<div class=\"socials socials-1\">\n\t\t\t\t\t\t<ul class=\"list-social clearfix\">\n\t\t\t\t\t\t\t\n\t\t\t\t\t\t<\/ul>\n\t\t\t\t\t<\/div>\n\t\t\t\t<\/div>\n\t\t\t\t<div class=\"team-header info\"><h4 class=\"name\">\u0623\u0646\u0633 \u0622\u064a\u062a \u0627\u0644\u0645\u0643\u064a<\/h4><span class=\"job\">Responsable Commercial (R\u00e9gion Agadir)<\/span><\/div>\n\t\t\t\t<div class=\"team-content\">\n\t\t\t\t\t<div class=\"info\">\n\t\t\t\t\t\t<h4 class=\"name\">\u0623\u0646\u0633 \u0622\u064a\u062a \u0627\u0644\u0645\u0643\u064a<\/h4>\n\t\t\t\t\t\t<span class=\"job\">Responsable Commercial (R\u00e9gion Agadir)<\/span>\n\t\t\t\t\t\t<p>\u0623\u0646\u0633 \u0647\u0648 \u0645\u0633\u062a\u0634\u0627\u0631\u0643 \u0627\u0644\u0645\u0641\u0636\u0644 \u0641\u064a \u0623\u0643\u0627\u062f\u064a\u0631 \u0644\u062a\u0642\u062f\u064a\u0645 \u062d\u0644\u0648\u0644 \u0631\u064a \u0641\u0639\u0651\u0627\u0644\u0629 \u0648\u0627\u0642\u062a\u0635\u0627\u062f\u064a\u0629. \u0647\u062f\u0641\u0647: \u0645\u0633\u0627\u0639\u062f\u062a\u0643 \u0639\u0644\u0649 \u062a\u062d\u0633\u064a\u0646 \u0625\u0646\u062a\u0627\u062c\u064a\u0629 \u0645\u062d\u0627\u0635\u064a\u0644\u0643.<\/p>\n\t\t\t\t\t<\/div>\n\t\t\t\t\t<div class=\"website\"><i class=\"fa fa-envelope-o\" aria-hidden=\"true\"><\/i>06 26 94 78 63<\/div>\n\t\t\t\t\t<div class=\"socials socials-2\">\n\t\t\t\t\t\t<ul class=\"list-social clearfix\">\n\t\t\t\t\t\t\t\n\t\t\t\t\t\t<\/ul>\n\t\t\t\t\t<\/div>\n\t\t\t\t<\/div>\n\t\t\t<\/div><\/div><\/div><\/div><div class=\"wpb_column vc_column_container vc_col-sm-3\"><div class=\"vc_column-inner\"><div class=\"wpb_wrapper\"><div class=\"fh-team  style-2\">\n\t\t\t\t<div class=\"team-member\">\n\t\t\t\t\t<img data-opt-id=1683074068  data-opt-src=\"https:\/\/ml2rfefbf2fn.i.optimole.com\/w:370\/h:370\/q:mauto\/f:best\/https:\/\/mach.ma\/wp-content\/uploads\/2024\/07\/B6AD0D47-9786-49CE-8393-AEDAF10E0098.jpeg\"  loading=\"lazy\" decoding=\"async\" class=\"\" src=\"data:image/svg+xml,%3Csvg%20viewBox%3D%220%200%20370%20370%22%20width%3D%22370%22%20height%3D%22370%22%20xmlns%3D%22http%3A%2F%2Fwww.w3.org%2F2000%2Fsvg%22%3E%3Crect%20width%3D%22370%22%20height%3D%22370%22%20fill%3D%22transparent%22%2F%3E%3C%2Fsvg%3E\" width=\"370\" height=\"370\" alt=\"B6AD0D47-9786-49CE-8393-AEDAF10E0098\" title=\"B6AD0D47-9786-49CE-8393-AEDAF10E0098\" \/>\n\t\t\t\t\t<div class=\"socials socials-1\">\n\t\t\t\t\t\t<ul class=\"list-social clearfix\">\n\t\t\t\t\t\t\t\n\t\t\t\t\t\t<\/ul>\n\t\t\t\t\t<\/div>\n\t\t\t\t<\/div>\n\t\t\t\t<div class=\"team-header info\"><h4 class=\"name\">\u062d\u0645\u0632\u0629 \u0627\u0644\u0628\u0648\u0639\u0632\u0627\u0648\u064a<\/h4><span class=\"job\">Responsable Commercial (R\u00e9gion El Gharb)<\/span><\/div>\n\t\t\t\t<div class=\"team-content\">\n\t\t\t\t\t<div class=\"info\">\n\t\t\t\t\t\t<h4 class=\"name\">\u062d\u0645\u0632\u0629 \u0627\u0644\u0628\u0648\u0639\u0632\u0627\u0648\u064a<\/h4>\n\t\t\t\t\t\t<span class=\"job\">Responsable Commercial (R\u00e9gion El Gharb)<\/span>\n\t\t\t\t\t\t<p>\u062e\u0628\u064a\u0631 \u0641\u064a \u0627\u0644\u0633\u0648\u0642 \u0627\u0644\u0632\u0631\u0627\u0639\u064a\u0629 \u0628\u0645\u0646\u0637\u0642\u0629 \u0627\u0644\u063a\u0631\u0628\u060c \u064a\u0631\u0627\u0641\u0642 \u062d\u0645\u0632\u0629 \u0639\u0645\u0644\u0627\u0621\u0646\u0627 \u0645\u0646 \u062e\u0644\u0627\u0644 \u062a\u0642\u062f\u064a\u0645 \u062d\u0644\u0648\u0644 \u0631\u064a\u0651 \u062a\u062a\u0646\u0627\u0633\u0628 \u0645\u0639 \u0627\u062d\u062a\u064a\u0627\u062c\u0627\u062a\u0647\u0645. \u0645\u062a\u0648\u0641\u0631 \u062f\u0627\u0626\u0645\u064b\u0627 \u0648\u0645\u0646\u0635\u062a \u062c\u064a\u062f\u064b\u0627\u060c \u064a\u0642\u062f\u0651\u0645 \u0644\u0643 \u0627\u0644\u0646\u0635\u0627\u0626\u062d \u0627\u0644\u0644\u0627\u0632\u0645\u0629 \u0644\u062a\u062d\u0633\u064a\u0646 \u0625\u0646\u062a\u0627\u062c\u064a\u062a\u0643.<\/p>\n\t\t\t\t\t<\/div>\n\t\t\t\t\t<div class=\"website\"><i class=\"fa fa-envelope-o\" aria-hidden=\"true\"><\/i>06 52 67 31 15<\/div>\n\t\t\t\t\t<div class=\"socials socials-2\">\n\t\t\t\t\t\t<ul class=\"list-social clearfix\">\n\t\t\t\t\t\t\t\n\t\t\t\t\t\t<\/ul>\n\t\t\t\t\t<\/div>\n\t\t\t\t<\/div>\n\t\t\t<\/div><\/div><\/div><\/div><div class=\"wpb_column vc_column_container vc_col-sm-3\"><div class=\"vc_column-inner\"><div class=\"wpb_wrapper\"><div class=\"fh-team  style-2\">\n\t\t\t\t<div class=\"team-member\">\n\t\t\t\t\t<img data-opt-id=278975545  data-opt-src=\"https:\/\/ml2rfefbf2fn.i.optimole.com\/w:370\/h:370\/q:mauto\/f:best\/https:\/\/mach.ma\/wp-content\/uploads\/2025\/10\/WhatsApp-Image-2025-09-25-at-9.38.10-AM.jpeg\"  loading=\"lazy\" decoding=\"async\" class=\"\" src=\"data:image/svg+xml,%3Csvg%20viewBox%3D%220%200%20370%20370%22%20width%3D%22370%22%20height%3D%22370%22%20xmlns%3D%22http%3A%2F%2Fwww.w3.org%2F2000%2Fsvg%22%3E%3Crect%20width%3D%22370%22%20height%3D%22370%22%20fill%3D%22transparent%22%2F%3E%3C%2Fsvg%3E\" width=\"370\" height=\"370\" alt=\"WhatsApp Image 2025-09-25 at 9.38.10 AM\" title=\"WhatsApp Image 2025-09-25 at 9.38.10 AM\" \/>\n\t\t\t\t\t<div class=\"socials socials-1\">\n\t\t\t\t\t\t<ul class=\"list-social clearfix\">\n\t\t\t\t\t\t\t\n\t\t\t\t\t\t<\/ul>\n\t\t\t\t\t<\/div>\n\t\t\t\t<\/div>\n\t\t\t\t<div class=\"team-header info\"><h4 class=\"name\">\u0628\u0648\u0637\u064a\u0628 \u0634\u0631\u0648\u0634\u0646\u064a<\/h4><span class=\"job\">\u0627\u0644\u0645\u0633\u0624\u0648\u0644 \u0627\u0644\u062a\u062c\u0627\u0631\u064a (\u0645\u0646\u0637\u0642\u0629 \u0645\u0643\u0646\u0627\u0633 - \u0627\u0644\u0634\u0631\u0642)<\/span><\/div>\n\t\t\t\t<div class=\"team-content\">\n\t\t\t\t\t<div class=\"info\">\n\t\t\t\t\t\t<h4 class=\"name\">\u0628\u0648\u0637\u064a\u0628 \u0634\u0631\u0648\u0634\u0646\u064a<\/h4>\n\t\t\t\t\t\t<span class=\"job\">\u0627\u0644\u0645\u0633\u0624\u0648\u0644 \u0627\u0644\u062a\u062c\u0627\u0631\u064a (\u0645\u0646\u0637\u0642\u0629 \u0645\u0643\u0646\u0627\u0633 - \u0627\u0644\u0634\u0631\u0642)<\/span>\n\t\t\t\t\t\t<p>\u062e\u0628\u064a\u0631 \u0641\u064a \u0627\u0644\u0642\u0637\u0627\u0639 \u0627\u0644\u0632\u0631\u0627\u0639\u064a \u0628\u0645\u0643\u0646\u0627\u0633\u060c \u064a\u0636\u0639 \u0628\u0648\u062a\u0627\u064a\u0628 \u062e\u0628\u0631\u062a\u0647 \u0641\u064a \u062e\u062f\u0645\u0629 \u0627\u0644\u0645\u0632\u0627\u0631\u0639\u064a\u0646 \u0644\u062a\u0642\u062f\u064a\u0645 \u0623\u0641\u0636\u0644 \u062d\u0644\u0648\u0644 \u0627\u0644\u0631\u064a \u0628\u0627\u0644\u062a\u0646\u0642\u064a\u0637.<\/p>\n\t\t\t\t\t<\/div>\n\t\t\t\t\t<div class=\"website\"><i class=\"fa fa-envelope-o\" aria-hidden=\"true\"><\/i>06 67 58 29 82<\/div>\n\t\t\t\t\t<div class=\"socials socials-2\">\n\t\t\t\t\t\t<ul class=\"list-social clearfix\">\n\t\t\t\t\t\t\t\n\t\t\t\t\t\t<\/ul>\n\t\t\t\t\t<\/div>\n\t\t\t\t<\/div>\n\t\t\t<\/div><\/div><\/div><\/div><\/div><\/div><\/div><\/div><\/div><\/div><\/div><div class=\"vc_row wpb_row vc_row-fluid vc_custom_1745659104892 vc_row-has-fill\"><div class=\"container\"><div class=\"row\"><div class=\"wpb_column vc_column_container vc_col-sm-12\"><div class=\"vc_column-inner\"><div class=\"wpb_wrapper\"><div class=\"fh-section-title clearfix  text-center style-1 version-dark\"><div class=\"container\"><h2>\u0634\u0647\u0627\u062f\u0627\u062a \/  <span class=\"main-color\">\u0622\u0631\u0627\u0621 \u0627\u0644\u0639\u0645\u0644\u0627\u0621<\/span><\/h2><\/div><\/div><div class=\"vc_row wpb_row vc_inner vc_row-fluid vc_custom_1745659033454\"><div class=\"wpb_column vc_column_container vc_col-sm-12\"><div class=\"vc_column-inner\"><div class=\"wpb_wrapper\"><div class=\"fh-testimonials-carousel  style-2\" id=\"testimonial-slider-69f5ad1eea917\">\n\t\t\t\n\t\t\t<div class=\"testi-list owl-carousel\" >\n\t\t\t<div class=\"testi-item\">\n\t\t\t\t<div class=\"testi-content\">\n                    <div class=\"testi-des\"><span class=\"fh-icon icon-2\"><i class=\"flaticon-straight-quotes\"><\/i><\/span><h2 class=\"testi-feedback\">Talented Landscapers<\/h2>\u0628\u0641\u0636\u0644 \u0634\u0631\u0627\u0626\u0637 \u0627\u0644\u0631\u064a \u0645\u0646 MA-CH\u060c \u0644\u0627\u062d\u0638\u0646\u0627 \u062a\u062d\u0633\u0646\u064b\u0627 \u0643\u0628\u064a\u0631\u064b\u0627 \u0641\u064a \u0645\u0631\u062f\u0648\u062f\u064a\u0629 \u0645\u062d\u0627\u0635\u064a\u0644\u0646\u0627 \u0627\u0644\u0632\u0631\u0627\u0639\u064a\u0629.<\/div>\n                    <div class=\"info clearfix\">\n                        <img data-opt-id=1779402710  data-opt-src=\"https:\/\/ml2rfefbf2fn.i.optimole.com\/w:80\/h:80\/q:mauto\/rt:fill\/g:ce\/f:best\/dpr:2\/https:\/\/mach.ma\/wp-content\/uploads\/2023\/11\/Hassan-El-Khattabi-e1738595448869.jpg\"  decoding=\"async\" src=\"data:image/svg+xml,%3Csvg%20viewBox%3D%220%200%2080%2080%22%20width%3D%2280%22%20height%3D%2280%22%20xmlns%3D%22http%3A%2F%2Fwww.w3.org%2F2000%2Fsvg%22%3E%3Crect%20width%3D%2280%22%20height%3D%2280%22%20fill%3D%22transparent%22%2F%3E%3C%2Fsvg%3E\" alt=\"M. Ahmed\"\/>\n\t\t\t\t\t\t\n\t\t\t\t\t\t<h4 class=\"testi-name\">M. Ahmed<\/h4>\n\t\t\t\t\t\t<span class=\"testi-job\">Agriculteur au Maroc<\/span>\n\t\t\t\t\t\t<div class=\"testi-star\"><i class=\"fa fa-star fa-md\"><\/i><i class=\"fa fa-star fa-md\"><\/i><i class=\"fa fa-star fa-md\"><\/i><i class=\"fa fa-star fa-md\"><\/i><i class=\"fa fa-star fa-md\"><\/i><\/div>\n\t\t\t\t\t<\/div>\n\t\t\t\t<\/div>\n            <\/div>\n\t\t\t<div class=\"testi-item\">\n\t\t\t\t<div class=\"testi-content\">\n                    <div class=\"testi-des\"><span class=\"fh-icon icon-2\"><i class=\"flaticon-straight-quotes\"><\/i><\/span>Une solution innovante et facile \u00e0 installer, qui nous a permis de r\u00e9aliser des \u00e9conomies d\u2019eau notables.<\/div>\n                    <div class=\"info clearfix\">\n                        <img data-opt-id=998666251  data-opt-src=\"https:\/\/ml2rfefbf2fn.i.optimole.com\/w:80\/h:80\/q:mauto\/rt:fill\/g:ce\/f:best\/dpr:2\/https:\/\/mach.ma\/wp-content\/uploads\/2017\/06\/2.png\"  decoding=\"async\" src=\"data:image/svg+xml,%3Csvg%20viewBox%3D%220%200%2080%2080%22%20width%3D%2280%22%20height%3D%2280%22%20xmlns%3D%22http%3A%2F%2Fwww.w3.org%2F2000%2Fsvg%22%3E%3Crect%20width%3D%2280%22%20height%3D%2280%22%20fill%3D%22transparent%22%2F%3E%3C%2Fsvg%3E\" alt=\"Mme Fatima\"\/>\n\t\t\t\t\t\t\n\t\t\t\t\t\t<h4 class=\"testi-name\">Mme Fatima<\/h4>\n\t\t\t\t\t\t<span class=\"testi-job\">Responsable d\u2019exploitation<\/span>\n\t\t\t\t\t\t<div class=\"testi-star\"><i class=\"fa fa-star fa-md\"><\/i><i class=\"fa fa-star fa-md\"><\/i><i class=\"fa fa-star fa-md\"><\/i><i class=\"fa fa-star fa-md\"><\/i><i class=\"fa fa-star fa-md\"><\/i><\/div>\n\t\t\t\t\t<\/div>\n\t\t\t\t<\/div>\n            <\/div>\n\t\t\t<div class=\"testi-item\">\n\t\t\t\t<div class=\"testi-content\">\n                    <div class=\"testi-des\"><span class=\"fh-icon icon-2\"><i class=\"flaticon-straight-quotes\"><\/i><\/span>Gr\u00e2ce aux solutions MA-CH, nous avons consid\u00e9rablement optimis\u00e9 notre gestion de l\u2019eau et am\u00e9lior\u00e9 le rendement de nos cultures. Une \u00e9quipe \u00e0 l\u2019\u00e9coute et toujours innovante !<\/div>\n                    <div class=\"info clearfix\">\n                        <img data-opt-id=1849250588  data-opt-src=\"https:\/\/ml2rfefbf2fn.i.optimole.com\/w:80\/h:80\/q:mauto\/rt:fill\/g:ce\/f:best\/dpr:2\/https:\/\/mach.ma\/wp-content\/uploads\/2017\/06\/1.png\"  decoding=\"async\" src=\"data:image/svg+xml,%3Csvg%20viewBox%3D%220%200%2080%2080%22%20width%3D%2280%22%20height%3D%2280%22%20xmlns%3D%22http%3A%2F%2Fwww.w3.org%2F2000%2Fsvg%22%3E%3Crect%20width%3D%2280%22%20height%3D%2280%22%20fill%3D%22transparent%22%2F%3E%3C%2Fsvg%3E\" alt=\"M. Karim\"\/>\n\t\t\t\t\t\t\n\t\t\t\t\t\t<h4 class=\"testi-name\">M. Karim<\/h4>\n\t\t\t\t\t\t<span class=\"testi-job\">Agriculteur<\/span>\n\t\t\t\t\t\t<div class=\"testi-star\"><i class=\"fa fa-star fa-md\"><\/i><i class=\"fa fa-star fa-md\"><\/i><i class=\"fa fa-star fa-md\"><\/i><i class=\"fa fa-star fa-md\"><\/i><i class=\"fa fa-star fa-md\"><\/i><\/div>\n\t\t\t\t\t<\/div>\n\t\t\t\t<\/div>\n            <\/div>\n\t\t\t<div class=\"testi-item\">\n\t\t\t\t<div class=\"testi-content\">\n                    <div class=\"testi-des\"><span class=\"fh-icon icon-2\"><i class=\"flaticon-straight-quotes\"><\/i><\/span>Les rubans d\u2019irrigation MA-CH ont transform\u00e9 notre syst\u00e8me d\u2019irrigation. Un investissement judicieux qui a permis de r\u00e9aliser d\u2019importantes \u00e9conomies d\u2019eau.<\/div>\n                    <div class=\"info clearfix\">\n                        <img data-opt-id=1888499661  data-opt-src=\"https:\/\/ml2rfefbf2fn.i.optimole.com\/w:80\/h:80\/q:mauto\/rt:fill\/g:ce\/f:best\/dpr:2\/https:\/\/mach.ma\/wp-content\/uploads\/2023\/11\/Fatima-Benhaddou-e1738595382145.jpg\"  decoding=\"async\" src=\"data:image/svg+xml,%3Csvg%20viewBox%3D%220%200%2080%2080%22%20width%3D%2280%22%20height%3D%2280%22%20xmlns%3D%22http%3A%2F%2Fwww.w3.org%2F2000%2Fsvg%22%3E%3Crect%20width%3D%2280%22%20height%3D%2280%22%20fill%3D%22transparent%22%2F%3E%3C%2Fsvg%3E\" alt=\"Mme A\u00efcha\"\/>\n\t\t\t\t\t\t\n\t\t\t\t\t\t<h4 class=\"testi-name\">Mme A\u00efcha<\/h4>\n\t\t\t\t\t\t<span class=\"testi-job\">Responsable d\u2019Exploitation<\/span>\n\t\t\t\t\t\t<div class=\"testi-star\"><i class=\"fa fa-star fa-md\"><\/i><i class=\"fa fa-star fa-md\"><\/i><i class=\"fa fa-star fa-md\"><\/i><i class=\"fa fa-star fa-md\"><\/i><i class=\"fa fa-star-half-empty fa-md\"><\/i><\/div>\n\t\t\t\t\t<\/div>\n\t\t\t\t<\/div>\n            <\/div><\/div>\n\t\t\t<div class=\"owl-dots enable\"><div class=\"owl-dot\"><span style=\"background-image: url(https:\/\/ml2rfefbf2fn.i.optimole.com\/w:80\/h:80\/q:mauto\/rt:fill\/g:ce\/f:best\/dpr:2\/https:\/\/mach.ma\/wp-content\/uploads\/2023\/11\/Hassan-El-Khattabi-e1738595448869.jpg);\"><\/span><\/div><div class=\"owl-dot\"><span style=\"background-image: url(https:\/\/ml2rfefbf2fn.i.optimole.com\/w:80\/h:80\/q:mauto\/rt:fill\/g:ce\/f:best\/dpr:2\/https:\/\/mach.ma\/wp-content\/uploads\/2017\/06\/2.png);\"><\/span><\/div><div class=\"owl-dot\"><span style=\"background-image: url(https:\/\/ml2rfefbf2fn.i.optimole.com\/w:80\/h:80\/q:mauto\/rt:fill\/g:ce\/f:best\/dpr:2\/https:\/\/mach.ma\/wp-content\/uploads\/2017\/06\/1.png);\"><\/span><\/div><div class=\"owl-dot\"><span style=\"background-image: url(https:\/\/ml2rfefbf2fn.i.optimole.com\/w:80\/h:80\/q:mauto\/rt:fill\/g:ce\/f:best\/dpr:2\/https:\/\/mach.ma\/wp-content\/uploads\/2023\/11\/Fatima-Benhaddou-e1738595382145.jpg);\"><\/span><\/div><\/div>\n\t\t<\/div><\/div><\/div><\/div><\/div><\/div><\/div><\/div><\/div><\/div><\/div>\n<\/div>","protected":false},"excerpt":{"rendered":"Les rubans d\u2019irrigation MA-CH ont transform\u00e9 notre syst\u00e8me d\u2019irrigation. Un investissement judicieux qui&hellip;","protected":false},"author":1,"featured_media":0,"parent":0,"menu_order":0,"comment_status":"closed","ping_status":"closed","template":"template-fullwidth.php","meta":{"_monsterinsights_skip_tracking":false,"_monsterinsights_sitenote_active":false,"_monsterinsights_sitenote_note":"","_monsterinsights_sitenote_category":0,"_themeisle_gutenberg_block_has_review":false,"footnotes":""},"class_list":["post-3834","page","type-page","status-publish","hentry",""],"jetpack_sharing_enabled":true,"_links":{"self":[{"href":"https:\/\/mach.ma\/ar\/wp-json\/wp\/v2\/pages\/3834","targetHints":{"allow":["GET"]}}],"collection":[{"href":"https:\/\/mach.ma\/ar\/wp-json\/wp\/v2\/pages"}],"about":[{"href":"https:\/\/mach.ma\/ar\/wp-json\/wp\/v2\/types\/page"}],"author":[{"embeddable":true,"href":"https:\/\/mach.ma\/ar\/wp-json\/wp\/v2\/users\/1"}],"replies":[{"embeddable":true,"href":"https:\/\/mach.ma\/ar\/wp-json\/wp\/v2\/comments?post=3834"}],"version-history":[{"count":22,"href":"https:\/\/mach.ma\/ar\/wp-json\/wp\/v2\/pages\/3834\/revisions"}],"predecessor-version":[{"id":5301,"href":"https:\/\/mach.ma\/ar\/wp-json\/wp\/v2\/pages\/3834\/revisions\/5301"}],"wp:attachment":[{"href":"https:\/\/mach.ma\/ar\/wp-json\/wp\/v2\/media?parent=3834"}],"curies":[{"name":"wp","href":"https:\/\/api.w.org\/{rel}","templated":true}]}}